{"id":29992,"date":"2025-09-02T05:04:19","date_gmt":"2025-09-02T03:04:19","guid":{"rendered":"https:\/\/www.bodegasmuga.com\/aviso-legal\/"},"modified":"2026-02-27T18:23:06","modified_gmt":"2026-02-27T17:23:06","slug":"legal-notice","status":"publish","type":"page","link":"https:\/\/www.bodegasmuga.com\/en\/legal-notice\/","title":{"rendered":"Legal notice"},"content":{"rendered":"\n<div class=\"pagina_cc\">\n<div class=\"contenido_limitado gb-element-26ee2881\">\n<p class=\"gb-text texto_legal\">In order to comply with the Information Society and Electronic Commerce Services Act 34\/2002, published on 11 July, we hereby inform you that:<\/p>\n\n\n\n<div>\n<div class=\"gb-text gb-text-64d37763\"><strong>1. Aim<\/strong><\/div>\n\n\n\n<p class=\"gb-text texto_legal\"><em><strong>Art. 10 LSSI<\/strong><\/em>: www.bodegasmuga.com is an internet domain belonging to BODEGAS MUGA, S.L., registered business address Barrio de La Estaci\u00f3n, s\/n, 26200 HARO (La Rioja) and VAT number: B26010710. The company is enrolled in the Companies Register of La Rioja, Volume 319, Book 0, Sheet 92, Page LO-2764, Entry 28, of 26 August 2004. <\/p>\n\n\n\n<p class=\"gb-text gb-text-65296607\"><strong>This Legal Notice regulates the use of the said domain.<\/strong><\/p>\n\n\n\n<p class=\"gb-text texto_legal\">The use of this web site implies the acceptance by the User of the conditions stated in this Notice as well as our \u201cData Protection and Confidentiality Policy\u201d and \u2018Policy on the use of Cookies\u2019. Should certain services contained and \/or tools offered through this \u201cPortal\u201d require the application of specific conditions, these will be made available to the User. <\/p>\n\n\n\n<p class=\"gb-text texto_legal\">Furthermore, you are advised that both the contents and the services on this web page and the conditions of use themselves may be modified without prior notification.<\/p>\n<\/div>\n\n\n\n<div>\n<div class=\"gb-text gb-text-6e262ffb\"><strong>2. Conditions of use<\/strong><\/div>\n\n\n\n<p class=\"gb-text texto_legal\">The User promises to provide true, accurate and complete details regarding their identity wherever required to do so in order to access those sections. Furthermore, they promise to update the personal details that may be facilitated to the owner of the domain, thereby being the sole party responsible for any falsehoods or inaccuracies that may be recorded. <\/p>\n\n\n\n<p class=\"gb-text texto_legal\">You are informed that any minor must obtain the permission of their parents, guardians or legal representatives in order to be allowed to access the services provided. No responsibility will be accepted in the case of data in this matter proving false or inaccurate. <\/p>\n\n\n\n<p class=\"gb-text texto_legal\">The portal shall only be used for legal purposes, so that the user undertakes to make correct and legal use of the portal and to comply with these General Conditions, not to use the portal\u2019s services for conducting activities which are contrary to Spanish Law, public order and morals, with the User accepting full responsibility for damages before the owner of the domain or any third party which may result from illegal or unauthorised practices, including among others, as an example, and not exclusively, the following:<\/p>\n\n\n\n<p class=\"gb-text texto_legal gb-text-d39298aa\">Making any kind of manipulation or alteration of this page, without the prior consent of the owner of the domain, who shall not accept any responsibility which may result from said manipulation or alteration by a third party.<\/p>\n\n\n\n<p class=\"gb-text texto_legal gb-text-232e0c07\">Carry out any action which may damage, overload, render unusable or deteriorate the Portal and the services, and\/or impede its normal use and utilisation by the Users.<\/p>\n\n\n\n<p class=\"gb-text texto_legal gb-text-68abf973\">Introduce and\/or Use computer programmes, data, defective files, virus, malware code, IT, telecommunications or other equipment, regardless of its nature, that could damage the Portal, any of its services, or any of the (physical or logical) features of the information systems of the owner of the domain.<\/p>\n\n\n\n<p class=\"gb-text texto_legal gb-text-c3fdeade\">Violate the rights to intimacy, personal image, data protection of third parties in communications and to intellectual and industrial property rights.<\/p>\n\n\n\n<p class=\"gb-text texto_legal gb-text-bd7bc41c\">Hide or falsify the source of e-mail messages.<\/p>\n\n\n\n<p class=\"gb-text texto_legal gb-text-9165f58e\">Use false identities, usurp the identity of other sin the use of the Portal or in the use of any of the services.<\/p>\n\n\n\n<p class=\"gb-text texto_legal gb-text-61964b61\">Reproduce, distribute, modify or copy the content of this page, unless they have the authorisation of the owner of the domain or is legally authorised to.<\/p>\n\n\n\n<p class=\"gb-text texto_legal gb-text-0ac2ec13\">Share user names and access passwords with unauthorised third parties.<\/p>\n\n\n\n<p class=\"gb-text texto_legal\">BODEGAS MUGA, S.L. is not responsible for links to other web pages belonging to other parties and their presence does not imply that they approve of or accept their contents and services. These other web pages are not controlled or covered by this Confidentiality Policy. If the links provided are used to access other web sites, the operators of such webs shall be able to gather personal data. Make sure you accept the Confidentiality Policies of these third party sites before providing any kind of personal information.   <\/p>\n\n\n\n<p class=\"gb-text texto_legal\">In general, the owner of the domain is exempt from responsibility for damages of any kind and nature which may result from use of the web, as well as damages resulting from infringement of Intellectual and Industrial property rights by users and\/or lack of truthfulness, accuracy and currency of the contents, and no responsibility shall be demanded from them for the interruption of services, inadequate functioning or impossibility of accessing the service.<\/p>\n\n\n\n<p class=\"gb-text texto_legal\">The owner of the domain shall not be responsible for the damages caused by the presence of viruses or any other harmful software which may affect the User\u2019s computer system.<\/p>\n\n\n\n<p class=\"gb-text texto_legal\">The web site, including as an example but not exclusively, its programming, designs, logos, text and graphics are the property of the provider or where applicable they have a licence or express authorisation from the authors.<\/p>\n\n\n\n<p class=\"gb-text texto_legal\">Irrespective of the purpose for which they were created, the total or partial reproduction, use, exploitation, distribution and sale, require in all cases the prior written authorisation of the owner of the domain.<\/p>\n\n\n\n<p class=\"gb-text texto_legal\">The user undertakes not to perform any act against the author\u2019s intellectual or industrial property rights.<\/p>\n\n\n\n<p class=\"gb-text texto_legal\">The provider expressly authorises third parties to redirect directly to the specific contents of the web site, but in all cases must redirect to the provider\u2019s main web site.<\/p>\n<\/div>\n\n\n\n<div>\n<div class=\"gb-text gb-text-ae1995a3\"><strong>3. Use of cookies<\/strong><\/div>\n\n\n\n<p class=\"gb-text texto_legal\">BODEGAS MUGA, S.L. as owner of this web site declare that they use automatic procedures for gathering information to store the register of the Users that visit their web site. Access our <a href=\"https:\/\/www.bodegasmuga.com\/en\/cookies-policy\/\">policy on the use of cookies here<\/a>. <\/p>\n<\/div>\n\n\n\n<div>\n<div class=\"gb-text gb-text-711a3cab\"><strong>4. Data Protection<\/strong><\/div>\n\n\n\n<p class=\"gb-text texto_legal\">Puede consultar nuestra pol\u00edtica sobre protecci\u00f3n de datos de car\u00e1cter personal al siguiente apartado:<br><a href=\"https:\/\/www.bodegasmuga.com\/en\/data-protection-policy\/\">Pol\u00edtica sobre protecci\u00f3n de datos<\/a><\/p>\n<\/div>\n\n\n\n<div>\n<div class=\"gb-text gb-text-b988b9fa\"><strong>5. Legislation applicable<\/strong><\/div>\n\n\n\n<p class=\"gb-text texto_legal\">These Conditions will be governed at all times according to the provisions of Spanish law.<\/p>\n<\/div>\n<\/div>\n<\/div>\n","protected":false},"excerpt":{"rendered":"<p>In order to comply with the Information Society and Electronic Commerce Services Act 34\/2002, published on 11 July, we hereby inform you that: 1. Aim Art. 10 LSSI: www.bodegasmuga.com is an internet domain belonging to BODEGAS MUGA, S.L., registered business address Barrio de La Estaci\u00f3n, s\/n, 26200 HARO (La Rioja) and VAT number: B26010710. The &#8230; <a title=\"Legal notice\" class=\"read-more\" href=\"https:\/\/www.bodegasmuga.com\/en\/legal-notice\/\" aria-label=\"Read more about Legal notice\">Read more<\/a><\/p>\n","protected":false},"author":1,"featured_media":0,"parent":0,"menu_order":94,"comment_status":"closed","ping_status":"closed","template":"","meta":{"footnotes":""},"class_list":["post-29992","page","type-page","status-publish"],"yoast_head":"<!-- This site is optimized with the Yoast SEO plugin v26.9 - https:\/\/yoast.com\/product\/yoast-seo-wordpress\/ -->\n<title>Legal notice - Bodegas Muga<\/title>\n<meta name=\"robots\" content=\"noindex, nofollow\" \/>\n<meta property=\"og:locale\" content=\"en_US\" \/>\n<meta property=\"og:type\" content=\"article\" \/>\n<meta property=\"og:title\" content=\"Legal notice - Bodegas Muga\" \/>\n<meta property=\"og:description\" content=\"In order to comply with the Information Society and Electronic Commerce Services Act 34\/2002, published on 11 July, we hereby inform you that: 1. Aim Art. 10 LSSI: www.bodegasmuga.com is an internet domain belonging to BODEGAS MUGA, S.L., registered business address Barrio de La Estaci\u00f3n, s\/n, 26200 HARO (La Rioja) and VAT number: B26010710. The ... Read more\" \/>\n<meta property=\"og:url\" content=\"https:\/\/www.bodegasmuga.com\/en\/legal-notice\/\" \/>\n<meta property=\"og:site_name\" content=\"Bodegas Muga\" \/>\n<meta property=\"article:publisher\" content=\"https:\/\/www.facebook.com\/bodegasmuga\" \/>\n<meta property=\"article:modified_time\" content=\"2026-02-27T17:23:06+00:00\" \/>\n<meta name=\"twitter:card\" content=\"summary_large_image\" \/>\n<meta name=\"twitter:site\" content=\"@bodegasmuga\" \/>\n<meta name=\"twitter:label1\" content=\"Est. reading time\" \/>\n\t<meta name=\"twitter:data1\" content=\"5 minutes\" \/>\n<script type=\"application\/ld+json\" class=\"yoast-schema-graph\">{\"@context\":\"https:\/\/schema.org\",\"@graph\":[{\"@type\":\"WebPage\",\"@id\":\"https:\/\/www.bodegasmuga.com\/en\/legal-notice\/\",\"url\":\"https:\/\/www.bodegasmuga.com\/en\/legal-notice\/\",\"name\":\"Legal notice - Bodegas Muga\",\"isPartOf\":{\"@id\":\"https:\/\/www.bodegasmuga.com\/en\/#website\"},\"datePublished\":\"2025-09-02T03:04:19+00:00\",\"dateModified\":\"2026-02-27T17:23:06+00:00\",\"breadcrumb\":{\"@id\":\"https:\/\/www.bodegasmuga.com\/en\/legal-notice\/#breadcrumb\"},\"inLanguage\":\"en-US\",\"potentialAction\":[{\"@type\":\"ReadAction\",\"target\":[\"https:\/\/www.bodegasmuga.com\/en\/legal-notice\/\"]}]},{\"@type\":\"BreadcrumbList\",\"@id\":\"https:\/\/www.bodegasmuga.com\/en\/legal-notice\/#breadcrumb\",\"itemListElement\":[{\"@type\":\"ListItem\",\"position\":1,\"name\":\"Portada\",\"item\":\"https:\/\/www.bodegasmuga.com\/en\/\"},{\"@type\":\"ListItem\",\"position\":2,\"name\":\"Legal notice\"}]},{\"@type\":\"WebSite\",\"@id\":\"https:\/\/www.bodegasmuga.com\/en\/#website\",\"url\":\"https:\/\/www.bodegasmuga.com\/en\/\",\"name\":\"Bodegas Muga\",\"description\":\"Tradici\u00f3n y modernidad confieren a nuestros vinos una marcada personalidad\",\"publisher\":{\"@id\":\"https:\/\/www.bodegasmuga.com\/en\/#organization\"},\"potentialAction\":[{\"@type\":\"SearchAction\",\"target\":{\"@type\":\"EntryPoint\",\"urlTemplate\":\"https:\/\/www.bodegasmuga.com\/en\/?s={search_term_string}\"},\"query-input\":{\"@type\":\"PropertyValueSpecification\",\"valueRequired\":true,\"valueName\":\"search_term_string\"}}],\"inLanguage\":\"en-US\"},{\"@type\":\"Organization\",\"@id\":\"https:\/\/www.bodegasmuga.com\/en\/#organization\",\"name\":\"Bodegas Muga\",\"url\":\"https:\/\/www.bodegasmuga.com\/en\/\",\"logo\":{\"@type\":\"ImageObject\",\"inLanguage\":\"en-US\",\"@id\":\"https:\/\/www.bodegasmuga.com\/en\/#\/schema\/logo\/image\/\",\"url\":\"https:\/\/www.bodegasmuga.com\/wp-content\/uploads\/muga-logo-negro.png\",\"contentUrl\":\"https:\/\/www.bodegasmuga.com\/wp-content\/uploads\/muga-logo-negro.png\",\"width\":1142,\"height\":333,\"caption\":\"Bodegas Muga\"},\"image\":{\"@id\":\"https:\/\/www.bodegasmuga.com\/en\/#\/schema\/logo\/image\/\"},\"sameAs\":[\"https:\/\/www.facebook.com\/bodegasmuga\",\"https:\/\/x.com\/bodegasmuga\",\"https:\/\/instagram.com\/bodegasmuga\",\"https:\/\/www.pinterest.com\/bodegasmuga\/\",\"https:\/\/www.youtube.com\/user\/bodegasmuga\",\"http:\/\/www.tripadvisor.es\/Attraction_Review-g187512-d1731354-Reviews-Bodegas_Muga-Haro_La_Rioja.htmls\"]}]}<\/script>\n<!-- \/ Yoast SEO plugin. -->","yoast_head_json":{"title":"Legal notice - Bodegas Muga","robots":{"index":"noindex","follow":"nofollow"},"og_locale":"en_US","og_type":"article","og_title":"Legal notice - Bodegas Muga","og_description":"In order to comply with the Information Society and Electronic Commerce Services Act 34\/2002, published on 11 July, we hereby inform you that: 1. Aim Art. 10 LSSI: www.bodegasmuga.com is an internet domain belonging to BODEGAS MUGA, S.L., registered business address Barrio de La Estaci\u00f3n, s\/n, 26200 HARO (La Rioja) and VAT number: B26010710. The ... Read more","og_url":"https:\/\/www.bodegasmuga.com\/en\/legal-notice\/","og_site_name":"Bodegas Muga","article_publisher":"https:\/\/www.facebook.com\/bodegasmuga","article_modified_time":"2026-02-27T17:23:06+00:00","twitter_card":"summary_large_image","twitter_site":"@bodegasmuga","twitter_misc":{"Est. reading time":"5 minutes"},"schema":{"@context":"https:\/\/schema.org","@graph":[{"@type":"WebPage","@id":"https:\/\/www.bodegasmuga.com\/en\/legal-notice\/","url":"https:\/\/www.bodegasmuga.com\/en\/legal-notice\/","name":"Legal notice - Bodegas Muga","isPartOf":{"@id":"https:\/\/www.bodegasmuga.com\/en\/#website"},"datePublished":"2025-09-02T03:04:19+00:00","dateModified":"2026-02-27T17:23:06+00:00","breadcrumb":{"@id":"https:\/\/www.bodegasmuga.com\/en\/legal-notice\/#breadcrumb"},"inLanguage":"en-US","potentialAction":[{"@type":"ReadAction","target":["https:\/\/www.bodegasmuga.com\/en\/legal-notice\/"]}]},{"@type":"BreadcrumbList","@id":"https:\/\/www.bodegasmuga.com\/en\/legal-notice\/#breadcrumb","itemListElement":[{"@type":"ListItem","position":1,"name":"Portada","item":"https:\/\/www.bodegasmuga.com\/en\/"},{"@type":"ListItem","position":2,"name":"Legal notice"}]},{"@type":"WebSite","@id":"https:\/\/www.bodegasmuga.com\/en\/#website","url":"https:\/\/www.bodegasmuga.com\/en\/","name":"Bodegas Muga","description":"Tradici\u00f3n y modernidad confieren a nuestros vinos una marcada personalidad","publisher":{"@id":"https:\/\/www.bodegasmuga.com\/en\/#organization"},"potentialAction":[{"@type":"SearchAction","target":{"@type":"EntryPoint","urlTemplate":"https:\/\/www.bodegasmuga.com\/en\/?s={search_term_string}"},"query-input":{"@type":"PropertyValueSpecification","valueRequired":true,"valueName":"search_term_string"}}],"inLanguage":"en-US"},{"@type":"Organization","@id":"https:\/\/www.bodegasmuga.com\/en\/#organization","name":"Bodegas Muga","url":"https:\/\/www.bodegasmuga.com\/en\/","logo":{"@type":"ImageObject","inLanguage":"en-US","@id":"https:\/\/www.bodegasmuga.com\/en\/#\/schema\/logo\/image\/","url":"https:\/\/www.bodegasmuga.com\/wp-content\/uploads\/muga-logo-negro.png","contentUrl":"https:\/\/www.bodegasmuga.com\/wp-content\/uploads\/muga-logo-negro.png","width":1142,"height":333,"caption":"Bodegas Muga"},"image":{"@id":"https:\/\/www.bodegasmuga.com\/en\/#\/schema\/logo\/image\/"},"sameAs":["https:\/\/www.facebook.com\/bodegasmuga","https:\/\/x.com\/bodegasmuga","https:\/\/instagram.com\/bodegasmuga","https:\/\/www.pinterest.com\/bodegasmuga\/","https:\/\/www.youtube.com\/user\/bodegasmuga","http:\/\/www.tripadvisor.es\/Attraction_Review-g187512-d1731354-Reviews-Bodegas_Muga-Haro_La_Rioja.htmls"]}]}},"_links":{"self":[{"href":"https:\/\/www.bodegasmuga.com\/en\/wp-json\/wp\/v2\/pages\/29992","targetHints":{"allow":["GET"]}}],"collection":[{"href":"https:\/\/www.bodegasmuga.com\/en\/wp-json\/wp\/v2\/pages"}],"about":[{"href":"https:\/\/www.bodegasmuga.com\/en\/wp-json\/wp\/v2\/types\/page"}],"author":[{"embeddable":true,"href":"https:\/\/www.bodegasmuga.com\/en\/wp-json\/wp\/v2\/users\/1"}],"replies":[{"embeddable":true,"href":"https:\/\/www.bodegasmuga.com\/en\/wp-json\/wp\/v2\/comments?post=29992"}],"version-history":[{"count":1,"href":"https:\/\/www.bodegasmuga.com\/en\/wp-json\/wp\/v2\/pages\/29992\/revisions"}],"predecessor-version":[{"id":37599,"href":"https:\/\/www.bodegasmuga.com\/en\/wp-json\/wp\/v2\/pages\/29992\/revisions\/37599"}],"wp:attachment":[{"href":"https:\/\/www.bodegasmuga.com\/en\/wp-json\/wp\/v2\/media?parent=29992"}],"curies":[{"name":"wp","href":"https:\/\/api.w.org\/{rel}","templated":true}]}}